{"id":41,"date":"2019-11-15T21:37:16","date_gmt":"2019-11-15T21:37:16","guid":{"rendered":"http:\/\/polipak.com.pl\/de\/?page_id=41"},"modified":"2020-04-07T14:13:38","modified_gmt":"2020-04-07T14:13:38","slug":"wyroby-dla-przemyslu","status":"publish","type":"page","link":"https:\/\/polipak.com.pl\/de\/produkty\/wyroby-dla-przemyslu\/","title":{"rendered":"Produkte f\u00fcr die Industrie"},"content":{"rendered":"<h2 style=\"text-align: center;\">Beutel, Folien und Schlauchfolien<\/h2>\n<p style=\"text-align: center;\">Neben der Herstellung von M\u00fclls\u00e4cken stellen wir auch Produkte f\u00fcr die Industrie her. Unser Angebot ist flexibel und umfasst sowohl unterschiedlich verpackte Beutel als auch Folien, Schlauchfolien und Halbschlauchfolien.<\/p>\n","protected":false},"excerpt":{"rendered":"<p>Beutel, Folien und Schlauchfolien Neben der Herstellung von M\u00fclls\u00e4cken stellen wir auch Produkte f\u00fcr die Industrie her. Unser Angebot ist flexibel und umfasst sowohl unterschiedlich&#8230;<\/p>\n","protected":false},"author":1,"featured_media":489,"parent":31,"menu_order":0,"comment_status":"closed","ping_status":"closed","template":"","meta":[],"_links":{"self":[{"href":"https:\/\/polipak.com.pl\/de\/wp-json\/wp\/v2\/pages\/41"}],"collection":[{"href":"https:\/\/polipak.com.pl\/de\/wp-json\/wp\/v2\/pages"}],"about":[{"href":"https:\/\/polipak.com.pl\/de\/wp-json\/wp\/v2\/types\/page"}],"author":[{"embeddable":true,"href":"https:\/\/polipak.com.pl\/de\/wp-json\/wp\/v2\/users\/1"}],"replies":[{"embeddable":true,"href":"https:\/\/polipak.com.pl\/de\/wp-json\/wp\/v2\/comments?post=41"}],"version-history":[{"count":16,"href":"https:\/\/polipak.com.pl\/de\/wp-json\/wp\/v2\/pages\/41\/revisions"}],"predecessor-version":[{"id":687,"href":"https:\/\/polipak.com.pl\/de\/wp-json\/wp\/v2\/pages\/41\/revisions\/687"}],"up":[{"embeddable":true,"href":"https:\/\/polipak.com.pl\/de\/wp-json\/wp\/v2\/pages\/31"}],"wp:featuredmedia":[{"embeddable":true,"href":"https:\/\/polipak.com.pl\/de\/wp-json\/wp\/v2\/media\/489"}],"wp:attachment":[{"href":"https:\/\/polipak.com.pl\/de\/wp-json\/wp\/v2\/media?parent=41"}],"curies":[{"name":"wp","href":"https:\/\/api.w.org\/{rel}","templated":true}]}}