{"id":39,"date":"2019-11-15T21:36:35","date_gmt":"2019-11-15T21:36:35","guid":{"rendered":"http:\/\/polipak.com.pl\/de\/?page_id=39"},"modified":"2020-04-07T00:56:43","modified_gmt":"2020-04-07T00:56:43","slug":"wyroby-dla-gospodarstwa-domowego","status":"publish","type":"page","link":"https:\/\/polipak.com.pl\/de\/produkty\/wyroby-dla-gospodarstwa-domowego\/","title":{"rendered":"Haushaltsgegenst\u00e4nde"},"content":{"rendered":"<h2 style=\"text-align: center;\">M\u00fclls\u00e4cke<\/h2>\n<p style=\"text-align: center;\">Im Rahmen unseres Gesch\u00e4fts stellen wir M\u00fcllbeutel her. Wir bieten beide Beutel mit Zugband und \u00dcberlappungsmodellen an, die nicht abgezogen werden m\u00fcssen. In unserem Sortiment finden Sie klassische perforierte M\u00fcllbeutel und auch Wellenbeutel.<\/p>\n","protected":false},"excerpt":{"rendered":"<p>M\u00fclls\u00e4cke Im Rahmen unseres Gesch\u00e4fts stellen wir M\u00fcllbeutel her. Wir bieten beide Beutel mit Zugband und \u00dcberlappungsmodellen an, die nicht abgezogen werden m\u00fcssen. In unserem&#8230;<\/p>\n","protected":false},"author":1,"featured_media":579,"parent":31,"menu_order":0,"comment_status":"closed","ping_status":"closed","template":"","meta":[],"_links":{"self":[{"href":"https:\/\/polipak.com.pl\/de\/wp-json\/wp\/v2\/pages\/39"}],"collection":[{"href":"https:\/\/polipak.com.pl\/de\/wp-json\/wp\/v2\/pages"}],"about":[{"href":"https:\/\/polipak.com.pl\/de\/wp-json\/wp\/v2\/types\/page"}],"author":[{"embeddable":true,"href":"https:\/\/polipak.com.pl\/de\/wp-json\/wp\/v2\/users\/1"}],"replies":[{"embeddable":true,"href":"https:\/\/polipak.com.pl\/de\/wp-json\/wp\/v2\/comments?post=39"}],"version-history":[{"count":17,"href":"https:\/\/polipak.com.pl\/de\/wp-json\/wp\/v2\/pages\/39\/revisions"}],"predecessor-version":[{"id":684,"href":"https:\/\/polipak.com.pl\/de\/wp-json\/wp\/v2\/pages\/39\/revisions\/684"}],"up":[{"embeddable":true,"href":"https:\/\/polipak.com.pl\/de\/wp-json\/wp\/v2\/pages\/31"}],"wp:featuredmedia":[{"embeddable":true,"href":"https:\/\/polipak.com.pl\/de\/wp-json\/wp\/v2\/media\/579"}],"wp:attachment":[{"href":"https:\/\/polipak.com.pl\/de\/wp-json\/wp\/v2\/media?parent=39"}],"curies":[{"name":"wp","href":"https:\/\/api.w.org\/{rel}","templated":true}]}}