{"id":33,"date":"2019-11-15T21:35:13","date_gmt":"2019-11-15T21:35:13","guid":{"rendered":"http:\/\/polipak.com.pl\/de\/?page_id=33"},"modified":"2022-08-11T13:07:40","modified_gmt":"2022-08-11T13:07:40","slug":"innowacje","status":"publish","type":"page","link":"https:\/\/polipak.com.pl\/de\/innowacje\/","title":{"rendered":"Innovationen"},"content":{"rendered":"<div id=\"innowacje-blok1\">\n<h2 style=\"text-align: center;\">Dreifache St\u00e4rke der <span style=\"color: #f18a00;\">TriplePak-Folie<\/span><\/h2>\n<p style=\"text-align: center;\">TriplePak ist eine innovative dreischichtige Folie, die die Qualit\u00e4t von M\u00fclls\u00e4cken auf ein neues, unerreichbares Niveau bringt. Wir gehen Kompromisse ein, weil unsere patentierte Folie gleichzeitig extrem langlebig, funktional und \u00f6kologisch ist. Dies ist jedoch nur ein Teil seiner Vorteile.<\/p>\n<\/div>\n<div id=\"innowacje-blok2\" style=\"text-align: center;\"><img loading=\"lazy\" class=\"size-full wp-image-219 alignnone\" src=\"http:\/\/polipak.com.pl\/de\/wp-content\/uploads\/sites\/3\/2019\/12\/fundusze.png\" alt=\"\" width=\"193\" height=\"91\"><img loading=\"lazy\" class=\"size-full wp-image-218 alignnone\" src=\"http:\/\/polipak.com.pl\/de\/wp-content\/uploads\/sites\/3\/2019\/12\/flaga_pl.png\" alt=\"\" width=\"226\" height=\"91\"><a href=\"https:\/\/www.ncbr.gov.pl\/\" target=\"_blank\" rel=\"noopener noreferrer\"><img loading=\"lazy\" class=\"size-full wp-image-220 alignnone\" src=\"http:\/\/polipak.com.pl\/de\/wp-content\/uploads\/sites\/3\/2019\/12\/ncbr.png\" alt=\"\" width=\"195\" height=\"91\"><\/a><img loading=\"lazy\" class=\"size-full wp-image-221 alignnone\" src=\"http:\/\/polipak.com.pl\/de\/wp-content\/uploads\/sites\/3\/2019\/12\/ue.png\" alt=\"\" width=\"249\" height=\"91\"><\/div>\n<h2 style=\"text-align: center;\">Technologische Annahmen<\/h2>\n<div id=\"dwie-kolumny\">\n<div id=\"innowacje-blok3\">\n<p style=\"text-align: center; font-size: 17px;\"><strong>Projekt: Entwicklung und Implementierung einer automatisierten und robotergest\u00fctzten Hochleistungstechnologie zur Herstellung von gepr\u00e4gten umweltfreundlichen M\u00fclls\u00e4cken aus dreischichtiger gepr\u00e4gter Folie im Freiblasverfahren.<\/strong><\/p>\n<p><strong>Projektbeschreibung: <\/strong>Das eigene Projekt des Antragstellers, definiert in Form eines Forschungsprozesses, besteht aus der Entwicklung, Optimierung, Validierung und Implementierung einer innovativen, zumindest im europ\u00e4ischen Rahmen hocheffizienten automatisierten und robotergest\u00fctzten Technologie zur Herstellung von dreilagig gepr\u00e4gten Premium-M\u00fclls\u00e4cken. Die eingesetzte Technologie, mit der drei Folienschichten unabh\u00e4ngig voneinander hergestellt werden k\u00f6nnen, erm\u00f6glicht die Verwendung von bis zu 70 % Regranulat im mittleren, belastbaren Teil, wodurch das Produkt erheblich gest\u00e4rkt, die negativen Auswirkungen von Kunststoffen auf die Umwelt verringert und die Festigkeitsparameter des Produkts erh\u00f6ht werden. Die wichtigste Innovation des Projekts wird die Produktinnovation sein (Herstellung von Produkten mit Qualit\u00e4ts- und Leistungsparametern, die derzeit in Europa nicht angeboten werden). Ebenso wichtig aus technologischer Perspektive wird die Prozessinnovation sein, die die Automatisierung und Robotisierung der Produktion beinhaltet, um die Elemente des Konzepts Industrie 4.0 bei Polipak Sp. z o.o. zu implementieren. Derzeit werden M\u00fclls\u00e4cke aus einlagiger Folie hergestellt, was es praktisch unm\u00f6glich macht, gleichzeitig ein starkes, \u00e4sthetisches, duftendes, funktionelles und preiswertes Produkt herzustellen. Dies liegt daran, dass jede der genannten Eigenschaften und Funktionen das Ergebnis der Verwendung eines anderen Rohstoffs im Produktionsprozess ist. Ihre Integration aus technologischer Sicht ist nur in einem Produkt m\u00f6glich, das aus verschiedenen Schichten besteht. Der qualitative Effekt wird durch die Verwendung eines Produktpr\u00e4gesystems verst\u00e4rkt, das das Produkt optisch verdickt und es widerstandsf\u00e4higer gegen Rei\u00dfen, Ziehen, Durchstechen und andere Besch\u00e4digungen macht. Auf diese Weise entspricht das Ergebnis des Projekts der Marktnachfrage in Bezug auf Preis, Funktionalit\u00e4t, Benutzerfreundlichkeit und \u00f6kologische Eigenschaften. Als Ergebnis des in 6 Phasen (3 BPs und 3 FPs) unterteilten Forschungsprozesses wird eine zum Patent angemeldete, zumindest in Europa einzigartige Technologie zur Herstellung von Beuteln mit derzeit nicht verf\u00fcgbaren Qualit\u00e4tsparametern in die Gesch\u00e4ftspraxis von Polipak Sp. z o.o. eingef\u00fchrt.<\/p>\n<p style=\"text-align: center;\"><strong>Projektwert<\/strong>: 90 225 418,75 PLN<br><strong>Beitrag aus europ\u00e4ischen Fonds<\/strong>: 42 127 098,75 PLN<\/p>\n<p>Das Projekt wird von der Europ\u00e4ischen Union aus Mitteln des Europ\u00e4ischen Fonds f\u00fcr regionale Entwicklung im Rahmen des Operationsprogramms f\u00fcr Intelligente Entwicklung mitfinanziert. Das Projekt wird im Rahmen des Wettbewerbs des Nationalen Zentrums f\u00fcr Forschung und Entwicklung durchgef\u00fchrt: Industrielle Forschungs- und Entwicklungsarbeiten, die von Unternehmen &#8220;Fast Track&#8221; durchgef\u00fchrt werden.<\/p>\n<p>&nbsp;<\/p>\n<\/div>\n<div id=\"innowacje-blok3\">\n<p style=\"text-align: center; font-size: 17px;\"><strong>Projekt: eine Anlage zur Herstellung von hochwertigem Regranulat aus den eigenen Produktionsabf\u00e4llen von bedruckten Folien in einem geschlossenen Kreislauf.<\/strong><\/p>\n<p><strong>Projektbeschreibung: <\/strong>Ziel des Projekts ist die Entwicklung einer Technologie zur Herstellung von hochwertigem Regranulat aus den eigenen Produktionsabf\u00e4llen von bedruckten Folien in einem geschlossenen Kreislauf. Das gewonnene Regranulat soll von h\u00f6chstm\u00f6glicher Qualit\u00e4t sein und als Recycling-Rohstoff f\u00fcr die Herstellung einer innovativen Folie aus Neuware und Regranulat im Verh\u00e4ltnis 1:1 f\u00fcr Foliendicken im Bereich von 11-21 \u00b5m dienen. Der geplante Produktionsprozess wird Teil eines geschlossenen Kreislaufs sein, der die Verarbeitung und Wiederverwendung von 100 % der im Unternehmen anfallenden Abf\u00e4lle gew\u00e4hrleistet. Das zur\u00fcckgewonnene Regranulat wird zu mindestens 50 % dem neuen Kunststoff als Rohstoff f\u00fcr die Herstellung von Beuteln mit reduzierter Dicke beigemischt. Die gesamte im Material- und Finanzplan des Projekts vorgesehene Arbeit zielt auf die Entwicklung eines Prototyps in Form einer innovativen Demonstrationsproduktionslinie f\u00fcr die Herstellung von Regranulat (auch als Recycling bezeichnet) ab, die eine effektive Kombination aller Stufen der Verarbeitung von Produktionsabf\u00e4llen erm\u00f6glicht, auch durch einen h\u00f6heren Automatisierungsgrad der verschiedenen Stufen des Recyclingprozesses. Die Umsetzung der Projektergebnisse in die eigene Produktion von Polipak, die auf dem Einsatz des entwickelten Demonstrators f\u00fcr die Regranulatr\u00fcckgewinnung basiert, erfolgt durch deren kommerziellen Einsatz in der neu errichteten Produktionsanlage. Das geplante Projekt zielt darauf ab, das Unternehmen durch die Verbesserung der Produktionseffizienz, die Einf\u00fchrung neuer Produkte und die St\u00e4rkung seiner Wettbewerbsposition auf dem nationalen und internationalen Markt weiterzuentwickeln.<\/p>\n<p style=\"text-align: center;\"><strong>Projektwert<\/strong>: 7 811 125,00 PLN<br><strong>Beitrag aus europ\u00e4ischen Fonds<\/strong>: 4 300 825,00 PLN<\/p>\n<p>Das Projekt wird von der Europ\u00e4ischen Union aus Mitteln des Europ\u00e4ischen Fonds f\u00fcr regionale Entwicklung im Rahmen des Operationsprogramms f\u00fcr Intelligente Entwicklung mitfinanziert. Das Projekt wird im Rahmen des Wettbewerbs des Nationalen Zentrums f\u00fcr Forschung und Entwicklung durchgef\u00fchrt: Industrielle Forschungs- und Entwicklungsarbeiten, die von den Unternehmen &#8220;Fast Track&#8221; durchgef\u00fchrt werden.<\/p>\n<p>&nbsp;<\/p>\n<\/div>\n<\/div>\n<div id=\"innowacje-blok4\">\n<h2 style=\"text-align: center;\"><span style=\"color: #6bb907;\">TriplePak<\/span> in \u00dcbereinstimmung<br>mit der Umwelt<\/h2>\n<p style=\"text-align: center;\">Der Schutz der Umwelt ist nicht nur eine gro\u00dfe Verantwortung f\u00fcr uns, sondern auch eine technologische Herausforderung. Der innovative dreischichtige TriplePak-Film ist eine Kombination von Funktionen, die auf die Bed\u00fcrfnisse der Umwelt und des Verbrauchers eingehen.<\/p>\n<\/div>\n\n\n<div class=\"wp-block-columns\">\n<div class=\"wp-block-column\">\n<h2>Funktionalit\u00e4t<\/h2>\n<p>TriplePak ist die St\u00e4rke von drei Schichten, was sich in der einzigartigen Funktionalit\u00e4t der Beutel niederschl\u00e4gt. In einem Produkt k\u00f6nnen Sie die Funktionen verschiedener Produkte kombinieren. Beutel auf Basis von TriplePak-Folie sind daher nicht nur langlebig, sondern auch duftend, \u00e4sthetisch und billig herzustellen.<\/p>\n<\/div>\n\n\n\n<div class=\"wp-block-column\">\n<h2>\u00d6kologie<\/h2>\n<p>Jeden Tag verarbeiten wir \u00fcber 50 Tonnen recycelbare Materialien. Wir verwenden Regranulat auch f\u00fcr die Herstellung von dreischichtigen TriplePak-Folien, bei denen es sich um den tragenden zentralen Teil handelt.<\/p>\n\n\n\n<figure class=\"wp-block-image size-large\"><img loading=\"lazy\" width=\"555\" height=\"499\" src=\"http:\/\/polipak.com.pl\/de\/wp-content\/uploads\/sites\/3\/2019\/12\/ekologia.png\" alt=\"\" class=\"wp-image-236\" srcset=\"https:\/\/polipak.com.pl\/de\/wp-content\/uploads\/sites\/3\/2019\/12\/ekologia.png 555w, https:\/\/polipak.com.pl\/de\/wp-content\/uploads\/sites\/3\/2019\/12\/ekologia-300x270.png 300w\" sizes=\"(max-width: 555px) 100vw, 555px\" \/><\/figure>\n<\/div>\n\n\n\n<div class=\"wp-block-column\">\n<h2>St\u00e4rke<\/h2>\n<p>Durch die Verwendung von Regranulat in Kombination mit einer R\u00e4ndelbehandlung zeichnet sich Triple Pack durch eine au\u00dfergew\u00f6hnliche Zugfestigkeit, Rei\u00dffestigkeit und Piercing aus. Eine h\u00f6here Haltbarkeit bedeutet auch einen geringeren Produktverbrauch des Zielverbrauchers.<\/p>\n<\/div>\n<\/div>\n","protected":false},"excerpt":{"rendered":"<p>Dreifache St\u00e4rke der TriplePak-Folie TriplePak ist eine innovative dreischichtige Folie, die die Qualit\u00e4t von M\u00fclls\u00e4cken auf ein neues, unerreichbares Niveau bringt. Wir gehen Kompromisse ein,&#8230;<\/p>\n","protected":false},"author":1,"featured_media":584,"parent":0,"menu_order":0,"comment_status":"closed","ping_status":"closed","template":"","meta":[],"_links":{"self":[{"href":"https:\/\/polipak.com.pl\/de\/wp-json\/wp\/v2\/pages\/33"}],"collection":[{"href":"https:\/\/polipak.com.pl\/de\/wp-json\/wp\/v2\/pages"}],"about":[{"href":"https:\/\/polipak.com.pl\/de\/wp-json\/wp\/v2\/types\/page"}],"author":[{"embeddable":true,"href":"https:\/\/polipak.com.pl\/de\/wp-json\/wp\/v2\/users\/1"}],"replies":[{"embeddable":true,"href":"https:\/\/polipak.com.pl\/de\/wp-json\/wp\/v2\/comments?post=33"}],"version-history":[{"count":54,"href":"https:\/\/polipak.com.pl\/de\/wp-json\/wp\/v2\/pages\/33\/revisions"}],"predecessor-version":[{"id":852,"href":"https:\/\/polipak.com.pl\/de\/wp-json\/wp\/v2\/pages\/33\/revisions\/852"}],"wp:featuredmedia":[{"embeddable":true,"href":"https:\/\/polipak.com.pl\/de\/wp-json\/wp\/v2\/media\/584"}],"wp:attachment":[{"href":"https:\/\/polipak.com.pl\/de\/wp-json\/wp\/v2\/media?parent=33"}],"curies":[{"name":"wp","href":"https:\/\/api.w.org\/{rel}","templated":true}]}}