{"id":3,"date":"2019-11-15T12:01:39","date_gmt":"2019-11-15T12:01:39","guid":{"rendered":"http:\/\/polipak.com.pl\/de\/?page_id=3"},"modified":"2022-10-27T12:09:06","modified_gmt":"2022-10-27T12:09:06","slug":"polityka-prywatnosci","status":"publish","type":"page","link":"https:\/\/polipak.com.pl\/de\/polityka-prywatnosci\/","title":{"rendered":"Datenschutzerkl\u00e4rung"},"content":{"rendered":"\n<h3>Datenschutzerkl\u00e4rung<\/h3>\n\n\n\n<p>1. Rechtsgrundlage<\/p>\n\n\n\n<p>Diese Datenschutzrichtlinie entspricht den Bestimmungen von Artikel 13 des Gesetzes 1 und 2 der Verordnung (EU) 2016\/679 des Europ\u00e4ischen Parlaments und des Rates vom 27. April 2016 (GPDP).<\/p>\n\n\n\n<p>2. Der Administrator Ihrer pers\u00f6nlichen Daten ist Polipak Sp. z o.o. mit Sitz in \u015aroda Wielkopolska, ul. Fabryczna 7, 63-000, NIP: 7861007728, KRS: 0000233546.<\/p>\n\n\n\n<p>3. Die Verarbeitung Ihrer personenbezogenen Daten basiert auf Artikel 6 der DSGVO und zu Marketingzwecken. Der Administrator f\u00fcr personenbezogene Daten st\u00fctzt sich auf ein rechtlich berechtigtes Interesse, das auf eingegangene Anfragen \u00fcber das Kontaktformular, die Website-Analyse und die Verwendung der erhaltenen Informationen zur Profilierung von Marketingaktivit\u00e4ten reagiert.<\/p>\n\n\n\n<p>4. Die Website verwendet Analysetools und der Empf\u00e4nger der erfassten Daten ist Google Analytics. Mit der Annahme der Datenschutzrichtlinie erkl\u00e4rt sich der Nutzer mit der Verarbeitung seiner personenbezogenen Daten durch Polipak Sp. z o.o. mit Sitz in \u015aroda Wielkopolska, ul. Fabryczna 7, 63-000, VAT EU: PL7861007728, KRS: 0000233546 f\u00fcr Marketingzwecke.<\/p>\n\n\n\n<p>5. Ihre personenbezogenen Daten werden f\u00fcr einen Zeitraum von 5 Jahren gespeichert, bis Marketingm\u00f6glichkeiten genutzt und Daten analysiert werden, die f\u00fcr die F\u00fchrung eines Unternehmens oder die Anfechtung der Verarbeitung personenbezogener Daten erforderlich sind.<\/p>\n\n\n\n<p>6. Benutzerrechte:<\/p>\n\n\n\n<p>Der Nutzer hat das Recht, die Einwilligung zur Datenverarbeitung jederzeit zu widerrufen. Personenbezogene Daten werden bis zur Stornierung verarbeitet.<\/p>\n\n\n\n<p>Der Benutzer hat das Recht, auf seine pers\u00f6nlichen Daten zuzugreifen, diese zu korrigieren, die Verarbeitung zu l\u00f6schen oder einzuschr\u00e4nken und eine Beschwerde einzureichen.<\/p>\n\n\n\n<p>7. Bitte verwenden Sie die Browsereinstellungen, wenn Sie Einw\u00e4nde gegen die Profilerstellung erheben.<\/p>\n\n\n\n<p><\/p>\n\n\n\n<h3>Informationen \u00fcber cookies<\/h3>\n\n\n\n<p>1. Die Website sammelt automatisch nur Informationen, die in Cookie-Dateien enthalten sind.<\/p>\n\n\n\n<p>2. Dateien (Cookies) sind Textdateien, die auf dem Endger\u00e4t des Benutzers gespeichert werden. Sie sind f\u00fcr die Verwendung von Webseiten vorgesehen. Cookie-Dateien enthalten den Namen der Website, von der sie stammen, eine eindeutige Nummer und die Speicherzeit auf dem Endger\u00e4t.<\/p>\n\n\n\n<p>3. Der Betreiber der Website Polipak.com.pl ist die Stelle, die Cookies auf dem Endger\u00e4t des Benutzers platziert und Zugriff darauf hat.<\/p>\n\n\n\n<p>4. Der Website-Betreiber verwendet Dateien (Cookies), um:<\/p>\n\n\n\n<p>\u2013 passen Sie den Inhalt von Websites an die Vorlieben des Benutzers an und optimieren Sie die Nutzung von Websites;<\/p>\n\n\n\n<p>&#8211; erstellen Sie Statistiken, um zu verstehen, wie Benutzer Websites verwenden, wodurch wiederum die Struktur und der Inhalt von Websites verbessert werden k\u00f6nnen. Cookie-Dateien werden nicht verwendet, um den Benutzer pers\u00f6nlich zu identifizieren. Statistiken werden auch verwendet, um die Popularit\u00e4t der Websites zu bewerten;<\/p>\n\n\n\n<p>5. Die Website verwendet zwei grundlegende Dateitypen (Cookies) &#8211; Sitzung und permanent. Sitzungsdateien sind tempor\u00e4r und werden gespeichert, bis Sie die Website verlassen (indem Sie eine andere Seite aufrufen, sich abmelden oder den Browser ausschalten). Permanente Dateien werden auf dem Endger\u00e4t des Benutzers gespeichert, bis sie vom Benutzer gel\u00f6scht werden oder f\u00fcr die Zeit, die sich aus ihren Einstellungen ergibt.<\/p>\n\n\n\n<p><br>6. Der Benutzer kann jederzeit die Browsereinstellungen \u00e4ndern, um die Verwendung von Dateien (Cookies) zu blockieren, oder jedes Mal, um Informationen \u00fcber ihre Platzierung auf dem Ger\u00e4t zu erhalten. Andere verf\u00fcgbare Optionen k\u00f6nnen in den Einstellungen Ihres Webbrowsers \u00fcberpr\u00fcft werden. Bitte beachten Sie, dass die meisten Browser das Speichern von Dateien (Cookies) auf dem Endger\u00e4t automatisch akzeptieren.<\/p>\n\n\n\n<p><br>7. Der Website-Betreiber informiert, dass \u00c4nderungen an den Einstellungen im Webbrowser des Benutzers den Zugriff auf einige Funktionen der Website einschr\u00e4nken k\u00f6nnen.<\/p>\n\n\n\n<p><br>8. Dateien (Cookies), die von der Website verwendet werden (auf dem Endger\u00e4t des Benutzers abgelegt), k\u00f6nnen ihren Partnern und dem mit ihr zusammenarbeitenden Werbetreibenden zur Verf\u00fcgung gestellt werden.<\/p>\n\n\n\n<p><br>9. Informationen zu den Einstellungen von Webbrowsern finden Sie im Men\u00fc (Hilfe) oder auf der Website des Herstellers.<\/p>\n","protected":false},"excerpt":{"rendered":"<p>Datenschutzerkl\u00e4rung 1. Rechtsgrundlage Diese Datenschutzrichtlinie entspricht den Bestimmungen von Artikel 13 des Gesetzes 1 und 2 der Verordnung (EU) 2016\/679 des Europ\u00e4ischen Parlaments und des&#8230;<\/p>\n","protected":false},"author":1,"featured_media":152,"parent":0,"menu_order":0,"comment_status":"closed","ping_status":"closed","template":"","meta":[],"_links":{"self":[{"href":"https:\/\/polipak.com.pl\/de\/wp-json\/wp\/v2\/pages\/3"}],"collection":[{"href":"https:\/\/polipak.com.pl\/de\/wp-json\/wp\/v2\/pages"}],"about":[{"href":"https:\/\/polipak.com.pl\/de\/wp-json\/wp\/v2\/types\/page"}],"author":[{"embeddable":true,"href":"https:\/\/polipak.com.pl\/de\/wp-json\/wp\/v2\/users\/1"}],"replies":[{"embeddable":true,"href":"https:\/\/polipak.com.pl\/de\/wp-json\/wp\/v2\/comments?post=3"}],"version-history":[{"count":8,"href":"https:\/\/polipak.com.pl\/de\/wp-json\/wp\/v2\/pages\/3\/revisions"}],"predecessor-version":[{"id":862,"href":"https:\/\/polipak.com.pl\/de\/wp-json\/wp\/v2\/pages\/3\/revisions\/862"}],"wp:featuredmedia":[{"embeddable":true,"href":"https:\/\/polipak.com.pl\/de\/wp-json\/wp\/v2\/media\/152"}],"wp:attachment":[{"href":"https:\/\/polipak.com.pl\/de\/wp-json\/wp\/v2\/media?parent=3"}],"curies":[{"name":"wp","href":"https:\/\/api.w.org\/{rel}","templated":true}]}}